{"id":146,"date":"2024-11-18T22:11:19","date_gmt":"2024-11-18T20:11:19","guid":{"rendered":"https:\/\/dinkrog.fi\/?page_id=146"},"modified":"2024-11-22T16:21:31","modified_gmt":"2024-11-22T14:21:31","slug":"kontaktuppgifter","status":"publish","type":"page","link":"https:\/\/dinkrog.fi\/fi\/kontaktuppgifter\/","title":{"rendered":"Yhteystiedot"},"content":{"rendered":"<figure class=\"wp-block-image size-full\"><img loading=\"lazy\" decoding=\"async\" width=\"2048\" height=\"1536\" src=\"https:\/\/dinkrog.fi\/wp-content\/uploads\/2024\/11\/Web_Din-Krog-Kasper-Dalkarl-24.jpg\" alt=\"\" class=\"wp-image-157\"\/><\/figure>\n\n\n\n<div class=\"wp-block-columns is-layout-flex wp-container-core-columns-is-layout-28f84493 wp-block-columns-is-layout-flex\">\n<div class=\"wp-block-column is-layout-flow wp-block-column-is-layout-flow\">\n<p><strong>Puhelin<\/strong><br>+358 40 172 0056<\/p>\n\n\n\n<p><strong>S\u00e4hk\u00f6posti<\/strong><br>catering@minkrog.fi<\/p>\n\n\n\n<p><strong>Osoite<\/strong><br>Pohjoisesplanadi 2<br>00130 Helsinki<br>Sis\u00e4\u00e4nk\u00e4ynti Mannerheimintien puolelta<\/p>\n\n\n\n<hr class=\"wp-block-separator has-alpha-channel-opacity\"\/>\n\n\n\n<iframe src=\"https:\/\/www.google.com\/maps\/embed?pb=!1m18!1m12!1m3!1d1984.8072536481006!2d24.94028127759972!3d60.16736967503103!2m3!1f0!2f0!3f0!3m2!1i1024!2i768!4f13.1!3m3!1m2!1s0x46920b9dd6e2c473%3A0xea868186a05093ce!2sDinKrog%20Svenskis!5e0!3m2!1sen!2sfi!4v1731962443514!5m2!1sen!2sfi\" width=\"645\" height=\"400\" style=\"border:0;\" allowfullscreen=\"\" loading=\"lazy\" referrerpolicy=\"no-referrer-when-downgrade\"><\/iframe>\n<\/div>\n<\/div>\n\n\n\n<p><\/p>","protected":false},"excerpt":{"rendered":"<p>Telefon+358 40 172 0056 E-postcatering@minkrog.fi AddressNorra Esplanaden 200130 HelsingforsIng\u00e5ng fr\u00e5n Mannerheimsv\u00e4gens sida<\/p>","protected":false},"author":1,"featured_media":0,"parent":0,"menu_order":0,"comment_status":"closed","ping_status":"closed","template":"","meta":{"footnotes":""},"class_list":["post-146","page","type-page","status-publish","hentry"],"_links":{"self":[{"href":"https:\/\/dinkrog.fi\/fi\/wp-json\/wp\/v2\/pages\/146","targetHints":{"allow":["GET"]}}],"collection":[{"href":"https:\/\/dinkrog.fi\/fi\/wp-json\/wp\/v2\/pages"}],"about":[{"href":"https:\/\/dinkrog.fi\/fi\/wp-json\/wp\/v2\/types\/page"}],"author":[{"embeddable":true,"href":"https:\/\/dinkrog.fi\/fi\/wp-json\/wp\/v2\/users\/1"}],"replies":[{"embeddable":true,"href":"https:\/\/dinkrog.fi\/fi\/wp-json\/wp\/v2\/comments?post=146"}],"version-history":[{"count":13,"href":"https:\/\/dinkrog.fi\/fi\/wp-json\/wp\/v2\/pages\/146\/revisions"}],"predecessor-version":[{"id":199,"href":"https:\/\/dinkrog.fi\/fi\/wp-json\/wp\/v2\/pages\/146\/revisions\/199"}],"wp:attachment":[{"href":"https:\/\/dinkrog.fi\/fi\/wp-json\/wp\/v2\/media?parent=146"}],"curies":[{"name":"wp","href":"https:\/\/api.w.org\/{rel}","templated":true}]}}